{"id":2237,"date":"2024-12-21T00:17:17","date_gmt":"2024-12-21T00:17:17","guid":{"rendered":"https:\/\/atlas-art.at\/?post_type=product&#038;p=2237"},"modified":"2025-02-24T14:37:09","modified_gmt":"2025-02-24T14:37:09","slug":"good-things-handmade-classic-shopper-bag","status":"publish","type":"product","link":"https:\/\/atlas-art.at\/en\/product\/good-things-handmade-classic-shopper-bag\/","title":{"rendered":"\u201cGOOD THINGS\u201d HANDMADE [Classic] Shopper Bag"},"content":{"rendered":"<p>Die \u201cGOOD THINGS\u201d Tasche ist unser Best Seller und ist dein t\u00e4glicher Begleiter, durch alle Lebenslagen. Designt von @tinotwo. Auf der Vorderseite befindet sich der\u00a0 &#8222;Good Things Come Together&#8220; Siebdruck mit kleinen Atlas Logos. F\u00fcr all die sch\u00f6nen dinge die zusammen kommen mit einer menge Platz f\u00fcr dein Hab und Gut!<\/p>\n<p>Ma\u00dfe: B\/L\/H: 12cm\/39cm\/41cm Volumen: ca. 21 Liter.<\/p>\n<p>Material<br \/>\nDie Tasche besteht aus 100% zertifizierter Baumwolle.<\/p>\n<p>Print<br \/>\nDer Print ist handgedruckt im Siebdruckverfahren mit wasserbasierter Siebdruckfarbe.<\/p>\n<p>Pflege<br \/>\nHandw\u00e4sche, nicht bleichen, nicht trommeltrocknen, b\u00fcgeln geringe Temperatur, nicht chemisch reinigen.<\/p>\n<p>Herstellung<br \/>\nJedes Kleidungsst\u00fcck wird extra in Handarbeit f\u00fcr dich hergestellt, um \u00dcberschuss zu vermeiden, Fast Fashion die Stirn zu bieten und Ressourcen zu schonen.<\/p>","protected":false},"excerpt":{"rendered":"<p>Good Things Come Together Siebdruck mit kleinen Atlas Logos. F\u00fcr all die sch\u00f6nen dinge die zusammen kommen mit einer menge Platz f\u00fcr dein Hab und Gut!<\/p>","protected":false},"featured_media":2254,"template":"","meta":[],"product_brand":[],"product_cat":[104,122,137],"product_tag":[35,36,33,37,32,38,39,30,34,40,31,41],"class_list":{"0":"post-2237","1":"product","2":"type-product","3":"status-publish","4":"has-post-thumbnail","6":"product_cat-access","7":"product_cat-bags","8":"product_cat-essentials","9":"product_tag-art","10":"product_tag-artsy","11":"product_tag-bag","12":"product_tag-beach_bag","13":"product_tag-big_bag","14":"product_tag-blue_red","15":"product_tag-diy","16":"product_tag-eye","17":"product_tag-handmade","18":"product_tag-schoo_bag","19":"product_tag-shopper","20":"product_tag-tote_bag","21":"pif-has-gallery","23":"first","24":"instock","25":"shipping-taxable","26":"purchasable","27":"product-type-simple"},"jetpack_sharing_enabled":true,"_links":{"self":[{"href":"https:\/\/atlas-art.at\/en\/wp-json\/wp\/v2\/product\/2237","targetHints":{"allow":["GET"]}}],"collection":[{"href":"https:\/\/atlas-art.at\/en\/wp-json\/wp\/v2\/product"}],"about":[{"href":"https:\/\/atlas-art.at\/en\/wp-json\/wp\/v2\/types\/product"}],"wp:featuredmedia":[{"embeddable":true,"href":"https:\/\/atlas-art.at\/en\/wp-json\/wp\/v2\/media\/2254"}],"wp:attachment":[{"href":"https:\/\/atlas-art.at\/en\/wp-json\/wp\/v2\/media?parent=2237"}],"wp:term":[{"taxonomy":"product_brand","embeddable":true,"href":"https:\/\/atlas-art.at\/en\/wp-json\/wp\/v2\/product_brand?post=2237"},{"taxonomy":"product_cat","embeddable":true,"href":"https:\/\/atlas-art.at\/en\/wp-json\/wp\/v2\/product_cat?post=2237"},{"taxonomy":"product_tag","embeddable":true,"href":"https:\/\/atlas-art.at\/en\/wp-json\/wp\/v2\/product_tag?post=2237"}],"curies":[{"name":"wp","href":"https:\/\/api.w.org\/{rel}","templated":true}]}}