{"id":1713,"date":"2024-12-17T20:24:24","date_gmt":"2024-12-17T20:24:24","guid":{"rendered":"https:\/\/atlas-art.at\/?post_type=product&#038;p=1713"},"modified":"2025-02-24T14:42:00","modified_gmt":"2025-02-24T14:42:00","slug":"unfck-the-world-handmade-reflective-trikot","status":"publish","type":"product","link":"https:\/\/atlas-art.at\/en\/product\/unfck-the-world-handmade-reflective-trikot\/","title":{"rendered":"\u201cUNFCK THE WORLD \u201d HANDMADE [Reflective] Trikot"},"content":{"rendered":"<p>Das \u201eUNFCK THE WORLD\u201c Reflective Trikot wurde von @tinotwo als starkes Statement gegen Massenkonsum und Kapitalismus entworfen. Mit diesem Design setzen wir ein sichtbares Zeichen f\u00fcr unsere Werte und den Einsatz f\u00fcr eine bessere Welt.<\/p>\n<p>Dieses Trikot richtet sich an Menschen, die f\u00fcr Offenheit, Vielfalt und Gerechtigkeit stehen. Es ist <strong>kein Platz<\/strong> f\u00fcr Homophobie, Rassismus oder Queerfeindlichkeit \u2013 wir stehen f\u00fcr Inklusivit\u00e4t und Weltoffenheit! Gemeinsam mit kreativen K\u00f6pfen stellen wir uns gegen gesellschaftliche Ungerechtigkeiten, indem wir durch positives Handeln ein Vorbild schaffen.<\/p>\n<p>Das Trikot besticht durch seinen wilden Tribal-Look und die au\u00dfergew\u00f6hnliche, dunkelgr\u00fcn reflektierende Farbe, die f\u00fcr besondere Akzente sorgt. Die Schriftz\u00fcge auf der Vorder- und R\u00fcckseite sowie das markante \u201eLiebe\u201c-Logo erzeugen unter direktem Lichteinfall einen beeindruckenden Reflexionseffekt. Ein Statement-Piece mit Haltung und Stil!<\/p>\n<p>Material<br \/>\nDie Jacke besteht beim Oberstoff aus 100% Nylon, Futter + Wattierung aus 100% Polyester.<\/p>\n<p>Print<br \/>\nDer Print ist handgedruckt im Siebdruckverfahren mit Veganer wasserbasierter Siebdruckfarbe.<\/p>\n<p>Pflege<br \/>\n30 \u00b0C Normalw\u00e4sche, nicht bleichen, nicht trommeltrocknen, b\u00fcgeln geringe Temperatur, nicht chemisch reinigen.<\/p>\n<p>Herstellung<br \/>\nJedes Kleidungsst\u00fcck wird extra in handarbeit f\u00fcr dich hergestellt, um \u00dcberschuss zu vermeiden, Fast-Fashion die Stirn zu bieten und Ressourcen zu schonen.<\/p>","protected":false},"excerpt":{"rendered":"<p>Das \u201eUNFCK THE WORLD\u201c Reflective Trikot wurde von @tinotwo als starkes Statement gegen Massenkonsum und Kapitalismus entworfen.<\/p>","protected":false},"featured_media":1788,"template":"","meta":[],"product_brand":[],"product_cat":[93],"product_tag":[35,62,98,132,100,59,50,133,54,58,60,103,42,61,97,72,101,99,55,49,134,57,135,131,102],"class_list":{"0":"post-1713","1":"product","2":"type-product","3":"status-publish","4":"has-post-thumbnail","6":"product_cat-ts","7":"product_tag-art","8":"product_tag-art_wear","9":"product_tag-bomber","10":"product_tag-bottlegreen","11":"product_tag-bulky","12":"product_tag-burning","13":"product_tag-chlor","14":"product_tag-darkgreen","15":"product_tag-diy_hoodie","16":"product_tag-fashion","17":"product_tag-flames","18":"product_tag-floral","19":"product_tag-flower_print","20":"product_tag-graffiti","21":"product_tag-jacke","22":"product_tag-japan_style","23":"product_tag-oversized","24":"product_tag-pilot","25":"product_tag-reflective","26":"product_tag-screenprint","27":"product_tag-sportswear","28":"product_tag-streetwear","29":"product_tag-team_trikot","30":"product_tag-trikot","31":"product_tag-winter_jacke","32":"pif-has-gallery","34":"first","35":"instock","36":"sale","37":"shipping-taxable","38":"purchasable","39":"product-type-variable"},"jetpack_sharing_enabled":true,"_links":{"self":[{"href":"https:\/\/atlas-art.at\/en\/wp-json\/wp\/v2\/product\/1713","targetHints":{"allow":["GET"]}}],"collection":[{"href":"https:\/\/atlas-art.at\/en\/wp-json\/wp\/v2\/product"}],"about":[{"href":"https:\/\/atlas-art.at\/en\/wp-json\/wp\/v2\/types\/product"}],"wp:featuredmedia":[{"embeddable":true,"href":"https:\/\/atlas-art.at\/en\/wp-json\/wp\/v2\/media\/1788"}],"wp:attachment":[{"href":"https:\/\/atlas-art.at\/en\/wp-json\/wp\/v2\/media?parent=1713"}],"wp:term":[{"taxonomy":"product_brand","embeddable":true,"href":"https:\/\/atlas-art.at\/en\/wp-json\/wp\/v2\/product_brand?post=1713"},{"taxonomy":"product_cat","embeddable":true,"href":"https:\/\/atlas-art.at\/en\/wp-json\/wp\/v2\/product_cat?post=1713"},{"taxonomy":"product_tag","embeddable":true,"href":"https:\/\/atlas-art.at\/en\/wp-json\/wp\/v2\/product_tag?post=1713"}],"curies":[{"name":"wp","href":"https:\/\/api.w.org\/{rel}","templated":true}]}}