{"id":1433,"date":"2024-12-17T04:15:24","date_gmt":"2024-12-17T04:15:24","guid":{"rendered":"https:\/\/atlas-art.at\/?post_type=product&#038;p=1433"},"modified":"2025-02-24T14:44:20","modified_gmt":"2025-02-24T14:44:20","slug":"good-things-hoodie-oversized","status":"publish","type":"product","link":"https:\/\/atlas-art.at\/en\/product\/good-things-hoodie-oversized\/","title":{"rendered":"\u201cGOOD THINGS\u201d HANDMADE [Oversized] Hoodie"},"content":{"rendered":"<p>Der \u201cGOOD THINGS COME TOGETHER\u201d Hoodie ist beige und bequem, designt von @tinotwo. F\u00fcr all die sch\u00f6nen dinge die zusammen kommen und das Leben lebenswert machen! Aus hochwertigen Materialien gefertigt und sorgt f\u00fcr angenehmen Tragekomfort.<\/p>\n<p>Material<br \/>\nDein Hoodie besteht zu 65% aus Baumwolle und 35% aus Polyester und hat eine Grammatur von 250 g\/m\u00b2 und wurde zu Fairen Arbeitsbedingungen hergestellt.<\/p>\n<p>Print<br \/>\nDer Print ist handgedruckt im Siebdruckverfahren mit Veganer wasserbasierter Siebdruckfarbe.<\/p>\n<p>Pflege<br \/>\n30 \u00b0C Normalw\u00e4sche, nicht bleichen, nicht trommeltrocknen, b\u00fcgeln geringe Temperatur, nicht chemisch reinigen.<\/p>\n<p>Herstellung<br \/>\nJedes Kleidungsst\u00fcck wird extra in handarbeit f\u00fcr dich hergestellt, um \u00dcberschuss zu vermeiden, Fast-Fashion die Stirn zu bieten und Ressourcen zu schonen.<\/p>","protected":false},"excerpt":{"rendered":"<p>F\u00fcr all die sch\u00f6nen dinge die zusammen kommen und das Leben lebenswert machen! Aus hochwertigen Materialien gefertigt und sorgt f\u00fcr angenehmen Tragekomfort.<\/p>","protected":false},"featured_media":1779,"template":"","meta":[],"product_brand":[],"product_cat":[94],"product_tag":[56,35,62,59,50,54,58,60,61,55,49,57],"class_list":{"0":"post-1433","1":"product","2":"type-product","3":"status-publish","4":"has-post-thumbnail","6":"product_cat-hoodies","7":"product_tag-56","8":"product_tag-art","9":"product_tag-art_wear","10":"product_tag-burning","11":"product_tag-chlor","12":"product_tag-diy_hoodie","13":"product_tag-fashion","14":"product_tag-flames","15":"product_tag-graffiti","16":"product_tag-reflective","17":"product_tag-screenprint","18":"product_tag-streetwear","19":"pif-has-gallery","21":"first","22":"instock","23":"shipping-taxable","24":"purchasable","25":"product-type-variable"},"jetpack_sharing_enabled":true,"_links":{"self":[{"href":"https:\/\/atlas-art.at\/en\/wp-json\/wp\/v2\/product\/1433","targetHints":{"allow":["GET"]}}],"collection":[{"href":"https:\/\/atlas-art.at\/en\/wp-json\/wp\/v2\/product"}],"about":[{"href":"https:\/\/atlas-art.at\/en\/wp-json\/wp\/v2\/types\/product"}],"wp:featuredmedia":[{"embeddable":true,"href":"https:\/\/atlas-art.at\/en\/wp-json\/wp\/v2\/media\/1779"}],"wp:attachment":[{"href":"https:\/\/atlas-art.at\/en\/wp-json\/wp\/v2\/media?parent=1433"}],"wp:term":[{"taxonomy":"product_brand","embeddable":true,"href":"https:\/\/atlas-art.at\/en\/wp-json\/wp\/v2\/product_brand?post=1433"},{"taxonomy":"product_cat","embeddable":true,"href":"https:\/\/atlas-art.at\/en\/wp-json\/wp\/v2\/product_cat?post=1433"},{"taxonomy":"product_tag","embeddable":true,"href":"https:\/\/atlas-art.at\/en\/wp-json\/wp\/v2\/product_tag?post=1433"}],"curies":[{"name":"wp","href":"https:\/\/api.w.org\/{rel}","templated":true}]}}