{"id":1430,"date":"2024-12-16T23:16:00","date_gmt":"2024-12-16T23:16:00","guid":{"rendered":"https:\/\/atlas-art.at\/?post_type=product&#038;p=1430"},"modified":"2025-02-24T14:44:47","modified_gmt":"2025-02-24T14:44:47","slug":"conti-handmade-oversized-t-kopie","status":"publish","type":"product","link":"https:\/\/atlas-art.at\/en\/product\/conti-handmade-oversized-t-kopie\/","title":{"rendered":"\u201cCONTI\u201d HANDMADE [Oversized] T&#8216;"},"content":{"rendered":"<p>Das \u201cCONTI\u201c T-Shirt ist aus wei\u00dfer Baumwolle. Designt von @TinoTwoo. Auf der Vor- und R\u00fcckseite befindet sich der Ikonische Conti Print der das Continental Gel\u00e4nde in Hannover darstellt. Das verlassene Gel\u00e4nde war viele Jahre von Jugendlichen f\u00fcr diverse Events, Aktionen und das ausleben von Freiheit genutzt worden bis es tragischerweise teilweise abgerissen worden ist. Rest in Peace an die ganzen sch\u00f6nen Momente, Erinnerungen und Pieces die diese alten W\u00e4nde schm\u00fcckten. Das T-Shirt ist aus hochwertigen Materialien gefertigt und sorgt f\u00fcr einen angenehmen Tragekomfort.<\/p>\n<p>Material<br \/>\nDas T-Shirt besteht aus 100% zertifizierte Bio-Baumwolle und wurde zu faireren Bedingungen hergestellt.<\/p>\n<p>Print<br \/>\nDer Print ist handgedruckt im Siebdruck verfahren mit Veganer wasserbasierter Siebdruckfarbe.<\/p>\n<p>Pflege<br \/>\n30-40 \u00b0C Normalw\u00e4sche, nicht bleichen, nicht Trommeltrocknen, b\u00fcgeln geringe Temperatur, nicht chemisch reinigen.<\/p>\n<p>Herstellung<br \/>\nJedes Kleidungsst\u00fcck wird extra in Handarbeit f\u00fcr dich hergestellt, um \u00dcberschuss zu vermeiden, Fast-Fashion zu boykottieren und Ressourcen zu schonen.<\/p>","protected":false},"excerpt":{"rendered":"<p>Das \u201cCONTI\u201c T-Shirt ist aus wei\u00dfer Baumwolle. Designt von @TinoTwoo. Auf der Vor- und R\u00fcckseite befindet sich der Ikonische Conti Print der das Continental Gel\u00e4nde in Hannover darstellt. Das verlassene Gel\u00e4nde war viele Jahre von Jugendlichen f\u00fcr diverse Events, Aktionen und das ausleben von Freiheit genutzt worden bis es tragischerweise teilweise abgerissen worden ist. Rest [&hellip;]<\/p>\n","protected":false},"featured_media":1613,"template":"","meta":[],"product_brand":[],"product_cat":[93],"product_tag":[82,62,66,91,69,34,90,89],"class_list":{"0":"post-1430","1":"product","2":"type-product","3":"status-publish","4":"has-post-thumbnail","6":"product_cat-ts","7":"product_tag-art_style","8":"product_tag-art_wear","9":"product_tag-black","10":"product_tag-flower","11":"product_tag-graphic","12":"product_tag-handmade","13":"product_tag-minimalistic","14":"product_tag-tshirt","15":"pif-has-gallery","17":"first","18":"instock","19":"sale","20":"shipping-taxable","21":"purchasable","22":"product-type-variable","23":"has-default-attributes"},"jetpack_sharing_enabled":true,"_links":{"self":[{"href":"https:\/\/atlas-art.at\/en\/wp-json\/wp\/v2\/product\/1430","targetHints":{"allow":["GET"]}}],"collection":[{"href":"https:\/\/atlas-art.at\/en\/wp-json\/wp\/v2\/product"}],"about":[{"href":"https:\/\/atlas-art.at\/en\/wp-json\/wp\/v2\/types\/product"}],"wp:featuredmedia":[{"embeddable":true,"href":"https:\/\/atlas-art.at\/en\/wp-json\/wp\/v2\/media\/1613"}],"wp:attachment":[{"href":"https:\/\/atlas-art.at\/en\/wp-json\/wp\/v2\/media?parent=1430"}],"wp:term":[{"taxonomy":"product_brand","embeddable":true,"href":"https:\/\/atlas-art.at\/en\/wp-json\/wp\/v2\/product_brand?post=1430"},{"taxonomy":"product_cat","embeddable":true,"href":"https:\/\/atlas-art.at\/en\/wp-json\/wp\/v2\/product_cat?post=1430"},{"taxonomy":"product_tag","embeddable":true,"href":"https:\/\/atlas-art.at\/en\/wp-json\/wp\/v2\/product_tag?post=1430"}],"curies":[{"name":"wp","href":"https:\/\/api.w.org\/{rel}","templated":true}]}}