{"id":1428,"date":"2024-12-16T23:06:11","date_gmt":"2024-12-16T23:06:11","guid":{"rendered":"https:\/\/atlas-art.at\/?post_type=product&#038;p=1428"},"modified":"2025-02-24T14:45:26","modified_gmt":"2025-02-24T14:45:26","slug":"good-things-handmade-oversized-t","status":"publish","type":"product","link":"https:\/\/atlas-art.at\/en\/product\/good-things-handmade-oversized-t\/","title":{"rendered":"\u201cHomegrown\u201d HANDMADE [Oversized] Sweater"},"content":{"rendered":"<p>Der \u201cHomegrown\u201c Sweater in eleganten Bottle Green begleitet dich in jeder Lebenslage. Designt von @TinoTwoo. Auf der Vorderseite befindet sich das Ikonische Atlas Logo und auf dem rechten Arm ziert der &#8222;All their lights and Souls&#8220; Schriftzug den warmen Sweater. Der\u00a0 aus hochwertigen Materialien gefertigt und f\u00fcr einen angenehmen Tragekomfort sorgt.<\/p>\n<p>Material<br \/>\nDas T-Shirt besteht aus\u00a0 80% Baumwolle \/ 20% Polyester und wurde zu faireren Bedingungen hergestellt.<\/p>\n<p>Print<br \/>\nDer Print ist handgedruckt im Siebdruck verfahren mit Veganer wasserbasierter Siebdruckfarbe.<\/p>\n<p>Pflege<br \/>\n30-40 \u00b0C Normalw\u00e4sche, nicht bleichen, nicht Trommeltrocknen, b\u00fcgeln geringe Temperatur, nicht chemisch reinigen.<\/p>\n<p>Herstellung<br \/>\nJedes Kleidungsst\u00fcck wird extra in Handarbeit f\u00fcr dich hergestellt, um \u00dcberschuss zu vermeiden, Fast-Fashion zu boykottieren und Ressourcen zu schonen.<\/p>","protected":false},"excerpt":{"rendered":"<p>Der \u201cHomegrown\u201c Sweater in eleganten Bottle Green begleitet dich in jeder Lebenslage. Designt von @TinoTwoo. Auf der Vorderseite befindet sich das Ikonische Atlas Logo und auf dem rechten Arm ziert der &#8222;All their lights and Souls&#8220; Schriftzug den warmen Sweater. Der\u00a0 aus hochwertigen Materialien gefertigt und f\u00fcr einen angenehmen Tragekomfort sorgt. Material Das T-Shirt besteht [&hellip;]<\/p>\n","protected":false},"featured_media":1578,"template":"","meta":[],"product_brand":[],"product_cat":[94,95],"product_tag":[82,62,66,91,69,34,90,89],"class_list":{"0":"post-1428","1":"product","2":"type-product","3":"status-publish","4":"has-post-thumbnail","6":"product_cat-hoodies","7":"product_cat-sweater","8":"product_tag-art_style","9":"product_tag-art_wear","10":"product_tag-black","11":"product_tag-flower","12":"product_tag-graphic","13":"product_tag-handmade","14":"product_tag-minimalistic","15":"product_tag-tshirt","16":"pif-has-gallery","18":"first","19":"instock","20":"sale","21":"shipping-taxable","22":"purchasable","23":"product-type-variable"},"jetpack_sharing_enabled":true,"_links":{"self":[{"href":"https:\/\/atlas-art.at\/en\/wp-json\/wp\/v2\/product\/1428","targetHints":{"allow":["GET"]}}],"collection":[{"href":"https:\/\/atlas-art.at\/en\/wp-json\/wp\/v2\/product"}],"about":[{"href":"https:\/\/atlas-art.at\/en\/wp-json\/wp\/v2\/types\/product"}],"wp:featuredmedia":[{"embeddable":true,"href":"https:\/\/atlas-art.at\/en\/wp-json\/wp\/v2\/media\/1578"}],"wp:attachment":[{"href":"https:\/\/atlas-art.at\/en\/wp-json\/wp\/v2\/media?parent=1428"}],"wp:term":[{"taxonomy":"product_brand","embeddable":true,"href":"https:\/\/atlas-art.at\/en\/wp-json\/wp\/v2\/product_brand?post=1428"},{"taxonomy":"product_cat","embeddable":true,"href":"https:\/\/atlas-art.at\/en\/wp-json\/wp\/v2\/product_cat?post=1428"},{"taxonomy":"product_tag","embeddable":true,"href":"https:\/\/atlas-art.at\/en\/wp-json\/wp\/v2\/product_tag?post=1428"}],"curies":[{"name":"wp","href":"https:\/\/api.w.org\/{rel}","templated":true}]}}