{"id":1427,"date":"2024-12-16T23:02:48","date_gmt":"2024-12-16T23:02:48","guid":{"rendered":"https:\/\/atlas-art.at\/?post_type=product&#038;p=1427"},"modified":"2025-02-24T14:45:35","modified_gmt":"2025-02-24T14:45:35","slug":"bonsai-handmade-oversized-t","status":"publish","type":"product","link":"https:\/\/atlas-art.at\/en\/product\/bonsai-handmade-oversized-t\/","title":{"rendered":"\u201cBONSAI\u201d HANDMADE [Oversized] T&#8216;"},"content":{"rendered":"<p>Das \u201cBONSAI\u201c T-Shirt ist aus schwarzer Baumwolle. Designt von @libreracis. Auf der Vor- und R\u00fcckseite befindet sich der Ikonische Bonsai Print. Das T-Shirt ist aus hochwertigen Materialien gefertigt und sorgt f\u00fcr einen angenehmen Tragekomfort.<\/p>\n<p>Material<br \/>\nDas T-Shirt besteht aus 100% zertifizierte Bio-Baumwolle und wurde zu faireren Bedingungen hergestellt.<\/p>\n<p>Print<br \/>\nDer Print ist handgedruckt im Siebdruck verfahren mit Veganer wasserbasierter Siebdruckfarbe.<\/p>\n<p>Pflege<br \/>\n30-40 \u00b0C Normalw\u00e4sche, nicht bleichen, nicht Trommeltrocknen, b\u00fcgeln geringe Temperatur, nicht chemisch reinigen.<\/p>\n<p>Herstellung<br \/>\nJedes Kleidungsst\u00fcck wird extra in Handarbeit f\u00fcr dich hergestellt, um \u00dcberschuss zu vermeiden, Fast-Fashion zu boykottieren und Ressourcen zu schonen.<\/p>","protected":false},"excerpt":{"rendered":"<p>Das \u201cBONSAI\u201c T-Shirt ist aus schwarzer Baumwolle. Designt von @libreracis. Auf der Vor- und R\u00fcckseite befindet sich der Ikonische Bonsai Print. Das T-Shirt ist aus hochwertigen Materialien gefertigt und sorgt f\u00fcr einen angenehmen Tragekomfort. Material Das T-Shirt besteht aus 100% zertifizierte Bio-Baumwolle und wurde zu faireren Bedingungen hergestellt. Print Der Print ist handgedruckt im Siebdruck [&hellip;]<\/p>\n","protected":false},"featured_media":1541,"template":"","meta":[],"product_brand":[],"product_cat":[93],"product_tag":[82,62,66,91,69,34,90,89],"class_list":{"0":"post-1427","1":"product","2":"type-product","3":"status-publish","4":"has-post-thumbnail","6":"product_cat-ts","7":"product_tag-art_style","8":"product_tag-art_wear","9":"product_tag-black","10":"product_tag-flower","11":"product_tag-graphic","12":"product_tag-handmade","13":"product_tag-minimalistic","14":"product_tag-tshirt","15":"pif-has-gallery","17":"first","18":"instock","19":"sale","20":"shipping-taxable","21":"purchasable","22":"product-type-variable"},"jetpack_sharing_enabled":true,"_links":{"self":[{"href":"https:\/\/atlas-art.at\/en\/wp-json\/wp\/v2\/product\/1427","targetHints":{"allow":["GET"]}}],"collection":[{"href":"https:\/\/atlas-art.at\/en\/wp-json\/wp\/v2\/product"}],"about":[{"href":"https:\/\/atlas-art.at\/en\/wp-json\/wp\/v2\/types\/product"}],"wp:featuredmedia":[{"embeddable":true,"href":"https:\/\/atlas-art.at\/en\/wp-json\/wp\/v2\/media\/1541"}],"wp:attachment":[{"href":"https:\/\/atlas-art.at\/en\/wp-json\/wp\/v2\/media?parent=1427"}],"wp:term":[{"taxonomy":"product_brand","embeddable":true,"href":"https:\/\/atlas-art.at\/en\/wp-json\/wp\/v2\/product_brand?post=1427"},{"taxonomy":"product_cat","embeddable":true,"href":"https:\/\/atlas-art.at\/en\/wp-json\/wp\/v2\/product_cat?post=1427"},{"taxonomy":"product_tag","embeddable":true,"href":"https:\/\/atlas-art.at\/en\/wp-json\/wp\/v2\/product_tag?post=1427"}],"curies":[{"name":"wp","href":"https:\/\/api.w.org\/{rel}","templated":true}]}}