{"id":1424,"date":"2024-12-16T22:54:12","date_gmt":"2024-12-16T22:54:12","guid":{"rendered":"https:\/\/atlas-art.at\/produkt\/oversized-t-shirt-eye\/"},"modified":"2025-02-24T14:51:29","modified_gmt":"2025-02-24T14:51:29","slug":"oversized-t-shirt-eye","status":"publish","type":"product","link":"https:\/\/atlas-art.at\/en\/product\/oversized-t-shirt-eye\/","title":{"rendered":"\u201cEYE\u201d HANDMADE [Oversized] T\u2018"},"content":{"rendered":"<p>Das \u201cEye\u201d T-Shirt besteht aus wei\u00dfer Baumwolle, designt von @tinotwo. Auf der Vorderseite befindet sich der Eye Print, der so wie der doppelte Backprint dreifarbig im Siebdruck gemacht ist. Das T-Shirt ist aus hochwertigen Materialien gefertigt und sorgt f\u00fcr einen angenehmen Tragekomfort.<\/p>\n<p>Material<br \/>\nDas T-Shirt besteht aus 100% zertifizierte Bio-Baumwolle und wurde zu Faireren Bedingungen Hergestellt.<\/p>\n<p>Print<br \/>\nDer Print ist handgedruckt im Siebdruck verfahren mit wasserbasierter Siebdruckfarbe.<\/p>\n<p>Pflege<br \/>\n30 \u00b0C Normalw\u00e4sche, nicht bleichen, nicht trommeltrocknen, b\u00fcgeln geringe Temperatur, nicht chemisch reinigen.<\/p>\n<p>Herstellung<br \/>\nJedes Kleidungsst\u00fcck wird extra in Handarbeit f\u00fcr dich hergestellt, um \u00dcberschuss zu vermeiden, fast fashion die Stirn zu bieten und Ressourcen zu schonen.<\/p>","protected":false},"excerpt":{"rendered":"<p>Das \u201cEye\u201d T-Shirt besteht aus wei\u00dfer Baumwolle, designt von @tinotwo. Auf der Vorderseite befindet sich der Eye Print, der so wie der doppelte Backprint dreifarbig im Siebdruck gemacht ist. Das T-Shirt ist aus hochwertigen Materialien gefertigt und sorgt f\u00fcr einen angenehmen Tragekomfort. Material Das T-Shirt besteht aus 100% zertifizierte Bio-Baumwolle und wurde zu Faireren Bedingungen [&hellip;]<\/p>\n","protected":false},"featured_media":1967,"template":"","meta":[],"product_brand":[],"product_cat":[93],"product_tag":[83,36,39,30,34,84,85,88,71,86,80,87],"class_list":{"0":"post-1424","1":"product","2":"type-product","3":"status-publish","4":"has-post-thumbnail","6":"product_cat-ts","7":"product_tag-art_shit","8":"product_tag-artsy","9":"product_tag-diy","10":"product_tag-eye","11":"product_tag-handmade","12":"product_tag-pop_shirt","13":"product_tag-red_blue","14":"product_tag-see","15":"product_tag-slow_fashion","16":"product_tag-summeer","17":"product_tag-techno","18":"product_tag-vision","19":"pif-has-gallery","21":"first","22":"instock","23":"sale","24":"shipping-taxable","25":"purchasable","26":"product-type-variable","27":"has-default-attributes"},"jetpack_sharing_enabled":true,"_links":{"self":[{"href":"https:\/\/atlas-art.at\/en\/wp-json\/wp\/v2\/product\/1424","targetHints":{"allow":["GET"]}}],"collection":[{"href":"https:\/\/atlas-art.at\/en\/wp-json\/wp\/v2\/product"}],"about":[{"href":"https:\/\/atlas-art.at\/en\/wp-json\/wp\/v2\/types\/product"}],"wp:featuredmedia":[{"embeddable":true,"href":"https:\/\/atlas-art.at\/en\/wp-json\/wp\/v2\/media\/1967"}],"wp:attachment":[{"href":"https:\/\/atlas-art.at\/en\/wp-json\/wp\/v2\/media?parent=1424"}],"wp:term":[{"taxonomy":"product_brand","embeddable":true,"href":"https:\/\/atlas-art.at\/en\/wp-json\/wp\/v2\/product_brand?post=1424"},{"taxonomy":"product_cat","embeddable":true,"href":"https:\/\/atlas-art.at\/en\/wp-json\/wp\/v2\/product_cat?post=1424"},{"taxonomy":"product_tag","embeddable":true,"href":"https:\/\/atlas-art.at\/en\/wp-json\/wp\/v2\/product_tag?post=1424"}],"curies":[{"name":"wp","href":"https:\/\/api.w.org\/{rel}","templated":true}]}}