{"id":1422,"date":"2024-12-16T22:54:11","date_gmt":"2024-12-16T22:54:11","guid":{"rendered":"https:\/\/atlas-art.at\/produkt\/oversized-t-shirt-core-memories\/"},"modified":"2025-02-24T14:50:51","modified_gmt":"2025-02-24T14:50:51","slug":"oversized-t-shirt-core-memories","status":"publish","type":"product","link":"https:\/\/atlas-art.at\/en\/product\/oversized-t-shirt-core-memories\/","title":{"rendered":"\u201cCORE\u201d HANDMADE [Oversized] T\u2018"},"content":{"rendered":"<p>Das \u201cCore\u201c T-Shirt ist aus wei\u00dfer Baumwolle, designt von @tinotwo. Auf der Vorderseite befindet sich je nach Variation der ikonische Atlas Kreis Print oder der kleine Front- Print, welche beide im zweifarbigen Siebdruck gefertigt wurden. Das T-Shirt ist aus hochwertigen Materialien und steht f\u00fcr ein angenehmen Tragekomfort.<\/p>\n<p>Material<br \/>\nDas T-Shirt besteht aus 100% zertifizierte Bio-Baumwolle und wurde zu faireren Bedingungen Hergestellt.<\/p>\n<p>Print<br \/>\nDer Print ist handgedruckt im Siebdruckverfahren mit veganer wasserbasierter Siebdruckfarbe.<\/p>\n<p>Pflege<br \/>\n30 \u00b0C Normalw\u00e4sche, nicht bleichen, nicht trommeltrocknen, b\u00fcgeln geringe Temperatur, nicht chemisch reinigen.<\/p>\n<p>Herstellung<br \/>\nJedes Kleidungsst\u00fcck wird extra in handarbeit f\u00fcr dich hergestellt, um \u00dcberschuss zu vermeiden, Fast Fashion die Stirn zu bieten und Ressourcen zu schonen.<\/p>","protected":false},"excerpt":{"rendered":"<p>Das \u201cCore\u201c T-Shirt ist aus wei\u00dfer Baumwolle, designt von @tinotwo.\u00a0 Variation mit dem ikonische Atlas Kreis Print oder als kleinen Front- Print.<\/p>","protected":false},"featured_media":1734,"template":"","meta":[],"product_brand":[],"product_cat":[93],"product_tag":[35,73,70,39,69,34,72,75,68,49,71,74],"class_list":{"0":"post-1422","1":"product","2":"type-product","3":"status-publish","4":"has-post-thumbnail","6":"product_cat-ts","7":"product_tag-art","8":"product_tag-deep_meaning","9":"product_tag-design","10":"product_tag-diy","11":"product_tag-graphic","12":"product_tag-handmade","13":"product_tag-japan_style","14":"product_tag-limited","15":"product_tag-red_white","16":"product_tag-screenprint","17":"product_tag-slow_fashion","18":"product_tag-statement","19":"pif-has-gallery","21":"first","22":"instock","23":"shipping-taxable","24":"purchasable","25":"product-type-variable","26":"has-default-attributes"},"jetpack_sharing_enabled":true,"_links":{"self":[{"href":"https:\/\/atlas-art.at\/en\/wp-json\/wp\/v2\/product\/1422","targetHints":{"allow":["GET"]}}],"collection":[{"href":"https:\/\/atlas-art.at\/en\/wp-json\/wp\/v2\/product"}],"about":[{"href":"https:\/\/atlas-art.at\/en\/wp-json\/wp\/v2\/types\/product"}],"wp:featuredmedia":[{"embeddable":true,"href":"https:\/\/atlas-art.at\/en\/wp-json\/wp\/v2\/media\/1734"}],"wp:attachment":[{"href":"https:\/\/atlas-art.at\/en\/wp-json\/wp\/v2\/media?parent=1422"}],"wp:term":[{"taxonomy":"product_brand","embeddable":true,"href":"https:\/\/atlas-art.at\/en\/wp-json\/wp\/v2\/product_brand?post=1422"},{"taxonomy":"product_cat","embeddable":true,"href":"https:\/\/atlas-art.at\/en\/wp-json\/wp\/v2\/product_cat?post=1422"},{"taxonomy":"product_tag","embeddable":true,"href":"https:\/\/atlas-art.at\/en\/wp-json\/wp\/v2\/product_tag?post=1422"}],"curies":[{"name":"wp","href":"https:\/\/api.w.org\/{rel}","templated":true}]}}