{"id":15,"date":"2025-02-18T15:49:00","date_gmt":"2025-02-18T15:49:00","guid":{"rendered":"https:\/\/atlas-art.at\/?page_id=15"},"modified":"2025-04-11T14:53:05","modified_gmt":"2025-04-11T14:53:05","slug":"rueckerstattung_rueckgaben","status":"publish","type":"page","link":"https:\/\/atlas-art.at\/en\/rueckerstattung_rueckgaben\/","title":{"rendered":"Richtlinie f\u00fcr R\u00fcckerstattungen und R\u00fcckgaben"},"content":{"rendered":"<div data-elementor-type=\"wp-page\" data-elementor-id=\"15\" class=\"elementor elementor-15\" data-elementor-post-type=\"page\">\n\t\t\t\t<div class=\"elementor-element elementor-element-1f26c7d e-flex e-con-boxed e-con e-parent\" data-id=\"1f26c7d\" data-element_type=\"container\" data-e-type=\"container\">\n\t\t\t\t\t<div class=\"e-con-inner\">\n\t\t\t\t<div class=\"elementor-element elementor-element-28f1b57f elementor-widget elementor-widget-text-editor\" data-id=\"28f1b57f\" data-element_type=\"widget\" data-e-type=\"widget\" data-widget_type=\"text-editor.default\">\n\t\t\t\t<div class=\"elementor-widget-container\">\n\t\t\t\t\t\t\t\t\t<article dir=\"auto\" data-testid=\"conversation-turn-67\" data-scroll-anchor=\"false\">\n<div>\n<div>\n<div>\n<div>\n<div>\n<div dir=\"auto\" data-message-author-role=\"assistant\" data-message-id=\"578283d8-b847-4586-a992-e1242a11e98f\" data-message-model-slug=\"gpt-4o\">\n<div>\n<div>&nbsp;<strong data-start=\"310\" data-end=\"328\" style=\"font-family: inherit; font-size: inherit; font-style: inherit; font-variant-ligatures: inherit; font-variant-caps: inherit; text-align: var(--text-align); background-color: var(--theme-palette-color-8); color: var(--theme-text-color); letter-spacing: var(--theme-letter-spacing); text-decoration-line: ; text-transform: var(--theme-text-transform);\">Widerrufsrecht<\/strong><\/div><\/div><\/div><\/div><\/div><\/div><\/div><\/div><\/article><article dir=\"auto\" data-testid=\"conversation-turn-69\" data-scroll-anchor=\"false\"><div><div><div><div><div><div dir=\"auto\" data-message-author-role=\"assistant\" data-message-id=\"b742f54b-0234-4668-95a4-39ec9dfa8cdd\" data-message-model-slug=\"gpt-4o\"><div><div><ol data-start=\"307\" data-end=\"1978\"><li data-start=\"307\" data-end=\"432\"><p data-start=\"310\" data-end=\"432\">Sie haben das Recht, binnen vierzehn Tagen ohne Angabe von Gr\u00fcnden diesen Vertrag zu widerrufen.<\/p>\n<\/li>\n<li data-start=\"434\" data-end=\"605\">\n<p data-start=\"437\" data-end=\"605\"><strong data-start=\"437\" data-end=\"455\">Widerrufsfrist und R\u00fccksendung<\/strong><br data-start=\"455\" data-end=\"458\">Die Widerrufsfrist betr\u00e4gt vierzehn Tage ab dem Tag, an dem Sie oder ein von Ihnen benannter Dritter die letzte Ware in Besitz genommen haben&nbsp;<span style=\"font-family: inherit; font-size: inherit; font-style: inherit; font-variant-ligatures: inherit; font-variant-caps: inherit; font-weight: inherit; text-align: var(--text-align); background-color: var(--theme-palette-color-8); color: var(--theme-text-color); letter-spacing: var(--theme-letter-spacing); text-transform: var(--theme-text-transform);\">gem\u00e4\u00df EU-Verbraucherschutz.&nbsp;<\/span><span style=\"background-color: var(--theme-palette-color-8); color: var(--theme-text-color); font-family: inherit; font-size: inherit; font-style: inherit; font-variant-ligatures: inherit; font-variant-caps: inherit; font-weight: inherit; letter-spacing: var(--theme-letter-spacing); text-align: var(--text-align); text-transform: var(--theme-text-transform);\">K\u00e4ufer tr\u00e4gt Kosten der R\u00fccksendung.<\/span><\/p>\n<\/li>\n<li data-start=\"607\" data-end=\"861\">\n<p data-start=\"610\" data-end=\"861\"><strong data-start=\"610\" data-end=\"631\">Widerrufsaus\u00fcbung<\/strong><br data-start=\"631\" data-end=\"634\">Um Ihr Widerrufsrecht auszu\u00fcben, m\u00fcssen Sie uns (Atlas Art Co Gbr, atlas-art.at, hi@atlas-art.at]) mittels einer eindeutigen Erkl\u00e4rung (z.B. per&nbsp; E-Mail) \u00fcber Ihren Entschluss, diesen Vertrag zu widerrufen, informieren.<\/p>\n<\/li>\n<li data-start=\"863\" data-end=\"1641\">\n<p data-start=\"866\" data-end=\"1366\"><strong data-start=\"866\" data-end=\"890\">Folgen des Widerrufs<\/strong><br data-start=\"890\" data-end=\"893\">Wenn Sie diesen Vertrag widerrufen, haben wir Ihnen alle Zahlungen, die wir von Ihnen erhalten haben, einschlie\u00dflich der Lieferkosten (mit Ausnahme der zus\u00e4tzlichen Kosten, die sich daraus ergeben, dass Sie eine andere Art der Lieferung als die von uns angebotene g\u00fcnstigste Standardlieferung gew\u00e4hlt haben), unverz\u00fcglich und sp\u00e4testens binnen vierzehn Tagen ab dem Tag zur\u00fcckzuzahlen, an dem die Mitteilung \u00fcber Ihren Widerruf dieses Vertrags bei uns eingegangen ist.<\/p>\n<p data-start=\"1371\" data-end=\"1572\">Sie haben die Waren unverz\u00fcglich und in jedem Fall sp\u00e4testens binnen vierzehn Tagen ab dem Tag, an dem Sie uns \u00fcber den Widerruf dieses Vertrags unterrichten, an uns zur\u00fcckzusenden oder zu \u00fcbergeben.<\/p>\n<p data-start=\"1577\" data-end=\"1641\">Sie tragen die unmittelbaren Kosten der R\u00fccksendung der Waren.<\/p>\n<\/li>\n<li data-start=\"1643\" data-end=\"1978\">\n<p data-start=\"1646\" data-end=\"1978\"><strong data-start=\"1646\" data-end=\"1692\">Bedingungen f\u00fcr die R\u00fcckgabe von Textilien<\/strong><br data-start=\"1692\" data-end=\"1695\"><strong data-start=\"1698\" data-end=\"1848\">Wir k\u00f6nnen nur Textilien erstatten, die lediglich zur Anprobe getragen wurden, unbeschmutzt und in ihrem urspr\u00fcnglichen Zustand sind.<\/strong> Falls ein Produkt Gebrauchsspuren aufweist oder zu hei\u00df&nbsp;<span style=\"font-family: inherit; font-size: inherit; font-style: inherit; font-variant-ligatures: inherit; font-variant-caps: inherit; font-weight: inherit; text-align: var(--text-align); background-color: var(--theme-palette-color-8); color: var(--theme-text-color); letter-spacing: var(--theme-letter-spacing); text-transform: var(--theme-text-transform);\">gewaschen wurde, behalten wir uns das Recht vor, die R\u00fcckerstattung abzulehnen.<\/span><\/p>\n<\/li>\n<\/ol>\n<div><br><\/div>\n<div>\n<h3 data-start=\"169\" data-end=\"196\" class=\"\"><strong data-start=\"173\" data-end=\"196\">Right of Withdrawal<\/strong><\/h3>\n<p data-start=\"198\" data-end=\"300\" class=\"\">You have the right to withdraw from this contract within fourteen (14) days without giving any reason.<\/p>\n<h3 data-start=\"302\" data-end=\"337\" class=\"\"><strong data-start=\"306\" data-end=\"337\">Withdrawal Period &amp; Returns<\/strong><\/h3>\n<p data-start=\"339\" data-end=\"582\" class=\"\">The withdrawal period is fourteen (14) days from the day on which you or a third party named by you has taken possession of the last item, in accordance with EU consumer protection law.<br data-start=\"524\" data-end=\"527\">The buyer is responsible for the return shipping costs.<\/p>\n<h3 data-start=\"584\" data-end=\"627\" class=\"\"><strong data-start=\"588\" data-end=\"627\">Exercising Your Right of Withdrawal<\/strong><\/h3>\n<p data-start=\"629\" data-end=\"854\" class=\"\">To exercise your right of withdrawal, you must inform us (Atlas Art Co GbR, <a data-start=\"705\" data-end=\"740\" rel=\"noopener\" target=\"_new\" class=\"\" href=\"https:\/\/atlas-art.at\/en\/\">atlas-art.at<\/a>, <a data-start=\"742\" data-end=\"757\" class=\"\" rel=\"noopener\">hi@atlas-art.at<\/a>) of your decision to withdraw from this contract by means of a clear statement (e.g. via email).<\/p>\n<h3 data-start=\"856\" data-end=\"890\" class=\"\"><strong data-start=\"860\" data-end=\"890\">Consequences of Withdrawal<\/strong><\/h3>\n<p data-start=\"892\" data-end=\"1301\" class=\"\">If you withdraw from this contract, we will reimburse you for all payments received from you, including the delivery costs (with the exception of any additional costs arising from your choice of a delivery method other than the least expensive standard delivery offered by us), without undue delay and at the latest within fourteen (14) days from the date on which we received notification of your withdrawal.<\/p>\n<p data-start=\"1303\" data-end=\"1488\" class=\"\">You must return or hand over the goods to us without delay and in any event no later than fourteen (14) days from the day on which you informed us of your withdrawal from this contract.<\/p>\n<p data-start=\"1490\" data-end=\"1539\" class=\"\">You bear the direct costs of returning the goods.<\/p>\n<h3 data-start=\"1541\" data-end=\"1582\" class=\"\"><strong data-start=\"1545\" data-end=\"1582\">Conditions for Returning Textiles<\/strong><\/h3>\n<p data-start=\"1584\" data-end=\"1827\" class=\"\">We can only refund textiles that have been tried on for fitting purposes only, are clean, and in their original condition.<br data-start=\"1706\" data-end=\"1709\">If a product shows signs of use or has been washed at too high a temperature, we reserve the right to refuse a refund.<\/p>\n<\/div>\n<\/div>\n<\/div>\n<\/div>\n<\/div>\n<\/div>\n<\/div>\n<\/div>\n<\/div>\n<\/article>\t\t\t\t\t\t\t\t<\/div>\n\t\t\t\t<\/div>\n\t\t\t\t\t<\/div>\n\t\t\t\t<\/div>\n\t\t\t\t<\/div>","protected":false},"excerpt":{"rendered":"<p>&nbsp;Widerrufsrecht Sie haben das Recht, binnen vierzehn Tagen ohne Angabe von Gr\u00fcnden diesen Vertrag zu widerrufen. Widerrufsfrist und R\u00fccksendungDie Widerrufsfrist betr\u00e4gt vierzehn Tage ab dem Tag, an dem Sie oder ein von Ihnen benannter Dritter die letzte Ware in Besitz genommen haben&nbsp;gem\u00e4\u00df EU-Verbraucherschutz.&nbsp;K\u00e4ufer tr\u00e4gt Kosten der R\u00fccksendung. Widerrufsaus\u00fcbungUm Ihr Widerrufsrecht auszu\u00fcben, m\u00fcssen Sie uns (Atlas [&hellip;]<\/p>\n","protected":false},"author":1,"featured_media":0,"parent":0,"menu_order":0,"comment_status":"closed","ping_status":"closed","template":"","meta":{"footnotes":""},"class_list":["post-15","page","type-page","status-publish","hentry"],"blocksy_meta":[],"jetpack_sharing_enabled":true,"_links":{"self":[{"href":"https:\/\/atlas-art.at\/en\/wp-json\/wp\/v2\/pages\/15","targetHints":{"allow":["GET"]}}],"collection":[{"href":"https:\/\/atlas-art.at\/en\/wp-json\/wp\/v2\/pages"}],"about":[{"href":"https:\/\/atlas-art.at\/en\/wp-json\/wp\/v2\/types\/page"}],"author":[{"embeddable":true,"href":"https:\/\/atlas-art.at\/en\/wp-json\/wp\/v2\/users\/1"}],"replies":[{"embeddable":true,"href":"https:\/\/atlas-art.at\/en\/wp-json\/wp\/v2\/comments?post=15"}],"version-history":[{"count":15,"href":"https:\/\/atlas-art.at\/en\/wp-json\/wp\/v2\/pages\/15\/revisions"}],"predecessor-version":[{"id":2765,"href":"https:\/\/atlas-art.at\/en\/wp-json\/wp\/v2\/pages\/15\/revisions\/2765"}],"wp:attachment":[{"href":"https:\/\/atlas-art.at\/en\/wp-json\/wp\/v2\/media?parent=15"}],"curies":[{"name":"wp","href":"https:\/\/api.w.org\/{rel}","templated":true}]}}